{"id":46,"date":"2024-02-06T19:47:19","date_gmt":"2024-02-06T19:47:19","guid":{"rendered":"https:\/\/pv-anlage-reinigen.eu\/?page_id=46"},"modified":"2024-02-06T20:26:47","modified_gmt":"2024-02-06T20:26:47","slug":"vorteile","status":"publish","type":"page","link":"https:\/\/pv-anlage-reinigen.eu\/?page_id=46","title":{"rendered":"Vorteile"},"content":{"rendered":"<p>[et_pb_section fb_built=&#8220;1&#8243; _builder_version=&#8220;4.24.0&#8243; _module_preset=&#8220;default&#8220; background_color=&#8220;#eaf2f3&#8243; custom_padding=&#8220;||150px|||&#8220; global_colors_info=&#8220;{}&#8220;][et_pb_row _builder_version=&#8220;4.24.0&#8243; _module_preset=&#8220;default&#8220; custom_margin=&#8220;100px|auto||auto|false|false&#8220; global_colors_info=&#8220;{}&#8220;][et_pb_column type=&#8220;4_4&#8243; _builder_version=&#8220;4.24.0&#8243; _module_preset=&#8220;default&#8220; global_colors_info=&#8220;{}&#8220;][et_pb_heading title=&#8220;Ihre Vorteile&#8220; _builder_version=&#8220;4.24.0&#8243; _module_preset=&#8220;default&#8220; title_font=&#8220;|800|||||||&#8220; title_text_align=&#8220;center&#8220; title_text_color=&#8220;#1b2139&#8243; title_font_size=&#8220;42px&#8220; animation_style=&#8220;fade&#8220; global_colors_info=&#8220;{}&#8220;][\/et_pb_heading][\/et_pb_column][\/et_pb_row][et_pb_row column_structure=&#8220;1_3,1_3,1_3&#8243; _builder_version=&#8220;4.24.0&#8243; _module_preset=&#8220;default&#8220; custom_margin=&#8220;75px|auto||auto|false|false&#8220; global_colors_info=&#8220;{}&#8220;][et_pb_column type=&#8220;1_3&#8243; _builder_version=&#8220;4.24.0&#8243; _module_preset=&#8220;default&#8220; global_colors_info=&#8220;{}&#8220;][et_pb_text _builder_version=&#8220;4.24.0&#8243; _module_preset=&#8220;default&#8220; text_font=&#8220;|300|||||||&#8220; text_text_color=&#8220;#eaf2f3&#8243; text_font_size=&#8220;15px&#8220; text_line_height=&#8220;1.8em&#8220; header_4_font=&#8220;|600||||on|||&#8220; header_4_text_color=&#8220;#eaf2f3&#8243; header_4_font_size=&#8220;17px&#8220; header_4_line_height=&#8220;2em&#8220; background_color=&#8220;#1b2139&#8243; custom_padding=&#8220;45px|30px|45px|30px|true|true&#8220; animation_style=&#8220;flip&#8220; animation_direction=&#8220;right&#8220; animation_delay=&#8220;200ms&#8220; border_radii=&#8220;on|25px|25px|25px|25px&#8220; box_shadow_style=&#8220;preset1&#8243; box_shadow_color=&#8220;rgba(27,33,57,0.75)&#8220; global_colors_info=&#8220;{}&#8220; content__hover_enabled=&#8220;on|hover&#8220; content__hover=&#8220;<\/p>\n<h4 style=%22text-align: justify;%22>Menschlichkeit<\/h4>\n<p style=%22text-align: justify;%22>Wir m\u00f6chten Ihnen einen Mehrwert bringen. Deswegen finden Sie bei uns Transparenz und ein gerechtes Angebot.<\/p>\n<p>&#8220; custom_padding__hover_enabled=&#8220;on|hover&#8220; custom_padding__hover=&#8220;30px||30px||true|true&#8220;]<\/p>\n<p><img loading=\"lazy\" decoding=\"async\" src=\"https:\/\/pv-anlage-reinigen.eu\/wp-content\/uploads\/2024\/02\/Menschlichkeit.png\" width=\"90\" height=\"90\" alt=\"Menschlichkeit\" class=\"wp-image-239 alignnone size-full\" style=\"display: block; margin-left: auto; margin-right: auto;\" \/><\/p>\n<p>[\/et_pb_text][et_pb_image src=&#8220;https:\/\/pv-anlage-reinigen.eu\/wp-content\/uploads\/2024\/02\/Solarsonne.png&#8220; alt=&#8220;Solarsonne&#8220; title_text=&#8220;Solarsonne&#8220; _builder_version=&#8220;4.24.0&#8243; _module_preset=&#8220;default&#8220; custom_margin=&#8220;50px|||||&#8220; animation_style=&#8220;roll&#8220; global_colors_info=&#8220;{}&#8220;][\/et_pb_image][\/et_pb_column][et_pb_column type=&#8220;1_3&#8243; _builder_version=&#8220;4.24.0&#8243; _module_preset=&#8220;default&#8220; global_colors_info=&#8220;{}&#8220;][et_pb_text _builder_version=&#8220;4.24.0&#8243; _module_preset=&#8220;default&#8220; text_font=&#8220;|300|||||||&#8220; text_text_color=&#8220;#eaf2f3&#8243; text_font_size=&#8220;15px&#8220; text_line_height=&#8220;1.8em&#8220; header_4_font=&#8220;|600||||on|||&#8220; header_4_text_color=&#8220;#eaf2f3&#8243; header_4_font_size=&#8220;17px&#8220; header_4_line_height=&#8220;2em&#8220; background_color=&#8220;#1b2139&#8243; custom_padding=&#8220;45px|30px|45px|30px|true|true&#8220; animation_style=&#8220;flip&#8220; animation_direction=&#8220;right&#8220; animation_delay=&#8220;400ms&#8220; border_radii=&#8220;on|25px|25px|25px|25px&#8220; box_shadow_style=&#8220;preset1&#8243; box_shadow_color=&#8220;rgba(27,33,57,0.75)&#8220; global_colors_info=&#8220;{}&#8220; content__hover_enabled=&#8220;on|hover&#8220; content__hover=&#8220;<\/p>\n<h4 style=%22text-align: justify;%22>\u00d6kologisch<\/h4>\n<p style=%22text-align: justify;%22>Wir handeln bewusst. Unsere Reinigungsmittel reduzieren den Einsatz von Chemikalien und schaden keine Lebewesen.<\/p>\n<p>&#8220; custom_padding__hover_enabled=&#8220;on|hover&#8220; custom_padding__hover=&#8220;30px||30px||true|true&#8220;]<\/p>\n<p><img loading=\"lazy\" decoding=\"async\" src=\"https:\/\/pv-anlage-reinigen.eu\/wp-content\/uploads\/2024\/02\/Pflanze.png\" width=\"90\" height=\"90\" alt=\"\" class=\"wp-image-250 alignnone size-full\" style=\"display: block; margin-left: auto; margin-right: auto;\" \/><\/p>\n<p>[\/et_pb_text][et_pb_text _builder_version=&#8220;4.24.0&#8243; _module_preset=&#8220;default&#8220; text_font=&#8220;|300|||||||&#8220; text_text_color=&#8220;#eaf2f3&#8243; text_font_size=&#8220;15px&#8220; text_line_height=&#8220;1.8em&#8220; header_4_font=&#8220;|600||||on|||&#8220; header_4_text_color=&#8220;#eaf2f3&#8243; header_4_font_size=&#8220;17px&#8220; header_4_line_height=&#8220;2em&#8220; background_color=&#8220;#1b2139&#8243; custom_padding=&#8220;45px|30px|45px|30px|true|true&#8220; animation_style=&#8220;flip&#8220; animation_direction=&#8220;left&#8220; animation_delay=&#8220;1000ms&#8220; border_radii=&#8220;on|25px|25px|25px|25px&#8220; box_shadow_style=&#8220;preset1&#8243; box_shadow_color=&#8220;rgba(27,33,57,0.75)&#8220; global_colors_info=&#8220;{}&#8220; content__hover_enabled=&#8220;on|hover&#8220; content__hover=&#8220;<\/p>\n<h4 style=%22text-align: justify;%22>Sicherheit<\/h4>\n<p style=%22text-align: justify;%22>Unser Ger\u00e4t ist T\u00dcV-zertifiziert und unser Team ist auch bei Blitzelektro.de t\u00e4tig, Ihr Elektriker des Vertrauens.<\/p>\n<p>&#8220; custom_padding__hover_enabled=&#8220;on|hover&#8220; custom_padding__hover=&#8220;30px||30px||true|true&#8220;]<\/p>\n<p><img loading=\"lazy\" decoding=\"async\" src=\"https:\/\/pv-anlage-reinigen.eu\/wp-content\/uploads\/2024\/02\/Elektriker.png\" width=\"90\" height=\"90\" alt=\"\" class=\"wp-image-230 alignnone size-full\" style=\"display: block; margin-left: auto; margin-right: auto;\" \/><\/p>\n<p>[\/et_pb_text][et_pb_text _builder_version=&#8220;4.24.0&#8243; _module_preset=&#8220;default&#8220; text_font=&#8220;|300|||||||&#8220; text_text_color=&#8220;#eaf2f3&#8243; text_font_size=&#8220;15px&#8220; text_line_height=&#8220;1.8em&#8220; header_4_font=&#8220;|600||||on|||&#8220; header_4_text_color=&#8220;#eaf2f3&#8243; header_4_font_size=&#8220;17px&#8220; header_4_line_height=&#8220;2em&#8220; background_color=&#8220;#1b2139&#8243; custom_padding=&#8220;45px|30px|45px|30px|true|true&#8220; animation_style=&#8220;flip&#8220; animation_direction=&#8220;right&#8220; animation_delay=&#8220;1200ms&#8220; border_radii=&#8220;on|25px|25px|25px|25px&#8220; box_shadow_style=&#8220;preset1&#8243; box_shadow_color=&#8220;rgba(27,33,57,0.75)&#8220; global_colors_info=&#8220;{}&#8220; content__hover_enabled=&#8220;on|hover&#8220; content__hover=&#8220;<\/p>\n<h4 style=%22text-align: justify;%22>Einsatzort<\/h4>\n<p style=%22text-align: justify;%22>Dank unseres intelligenten Roboters k\u00f6nnen wir \u00fcberall arbeiten, ob es ein riesiges Feld ist oder ein einfaches Dach.<\/p>\n<p>&#8220; custom_padding__hover_enabled=&#8220;on|hover&#8220; custom_padding__hover=&#8220;30px||30px||true|true&#8220;]<\/p>\n<p><img loading=\"lazy\" decoding=\"async\" src=\"https:\/\/pv-anlage-reinigen.eu\/wp-content\/uploads\/2024\/02\/Karte.png\" width=\"90\" height=\"90\" alt=\"\" class=\"wp-image-230 alignnone size-full\" style=\"display: block; margin-left: auto; margin-right: auto;\" \/><\/p>\n<p>[\/et_pb_text][\/et_pb_column][et_pb_column type=&#8220;1_3&#8243; _builder_version=&#8220;4.24.0&#8243; _module_preset=&#8220;default&#8220; global_colors_info=&#8220;{}&#8220;][et_pb_text _builder_version=&#8220;4.24.0&#8243; _module_preset=&#8220;default&#8220; text_font=&#8220;|300|||||||&#8220; text_text_color=&#8220;#eaf2f3&#8243; text_font_size=&#8220;15px&#8220; text_line_height=&#8220;1.8em&#8220; header_4_font=&#8220;|600||||on|||&#8220; header_4_text_color=&#8220;#eaf2f3&#8243; header_4_font_size=&#8220;17px&#8220; header_4_line_height=&#8220;2em&#8220; background_color=&#8220;#1b2139&#8243; custom_padding=&#8220;45px|30px|45px|30px|true|true&#8220; animation_style=&#8220;flip&#8220; animation_direction=&#8220;right&#8220; animation_delay=&#8220;600ms&#8220; border_radii=&#8220;on|25px|25px|25px|25px&#8220; box_shadow_style=&#8220;preset1&#8243; box_shadow_color=&#8220;rgba(27,33,57,0.75)&#8220; global_colors_info=&#8220;{}&#8220; content__hover_enabled=&#8220;on|hover&#8220; content__hover=&#8220;<\/p>\n<h4 style=%22text-align: justify;%22>Sparsam<\/h4>\n<p style=%22text-align: justify;%22>Bei uns wird r\u00fcckstandslos ges\u00e4ubert, so m\u00fcssen Sie auch kein ewiges dar\u00fcber gehen bezahlen.<\/p>\n<p>&#8220; custom_padding__hover_enabled=&#8220;on|hover&#8220; custom_padding__hover=&#8220;30px||30px||true|true&#8220;]<\/p>\n<p><img loading=\"lazy\" decoding=\"async\" src=\"https:\/\/pv-anlage-reinigen.eu\/wp-content\/uploads\/2024\/02\/Spar.png\" width=\"90\" height=\"90\" alt=\"\" class=\"wp-image-230 alignnone size-full\" style=\"display: block; margin-left: auto; margin-right: auto;\" \/><\/p>\n<p>[\/et_pb_text][et_pb_text _builder_version=&#8220;4.24.0&#8243; _module_preset=&#8220;default&#8220; text_font=&#8220;|300|||||||&#8220; text_text_color=&#8220;#eaf2f3&#8243; text_font_size=&#8220;15px&#8220; text_line_height=&#8220;1.8em&#8220; header_4_font=&#8220;|600||||on|||&#8220; header_4_text_color=&#8220;#eaf2f3&#8243; header_4_font_size=&#8220;17px&#8220; header_4_line_height=&#8220;2em&#8220; background_color=&#8220;#1b2139&#8243; custom_padding=&#8220;45px|30px|45px|30px|true|true&#8220; animation_style=&#8220;flip&#8220; animation_direction=&#8220;left&#8220; animation_delay=&#8220;800ms&#8220; border_radii=&#8220;on|25px|25px|25px|25px&#8220; box_shadow_style=&#8220;preset1&#8243; box_shadow_color=&#8220;rgba(27,33,57,0.75)&#8220; global_colors_info=&#8220;{}&#8220; content__hover_enabled=&#8220;on|hover&#8220; content__hover=&#8220;<\/p>\n<h4 style=%22text-align: justify;%22>Erfahrung<\/h4>\n<p style=%22text-align: justify;%22>Wir haben selber langj\u00e4hrige Erfahrung im Verkauf und Montierung von PV-Anlagen \u00fcber shop.blitzelektro.de.<\/p>\n<p>&#8220; custom_padding__hover_enabled=&#8220;on|hover&#8220; custom_padding__hover=&#8220;30px||30px||true|true&#8220;]<\/p>\n<p><img loading=\"lazy\" decoding=\"async\" src=\"https:\/\/pv-anlage-reinigen.eu\/wp-content\/uploads\/2024\/02\/Einkauf.png\" width=\"90\" height=\"90\" alt=\"\" class=\"wp-image-230 alignnone size-full\" style=\"display: block; margin-left: auto; margin-right: auto;\" \/><\/p>\n<p>[\/et_pb_text][et_pb_text _builder_version=&#8220;4.24.0&#8243; _module_preset=&#8220;default&#8220; text_font=&#8220;|300|||||||&#8220; text_text_color=&#8220;#eaf2f3&#8243; text_font_size=&#8220;15px&#8220; text_line_height=&#8220;1.8em&#8220; header_4_font=&#8220;|600||||on|||&#8220; header_4_text_color=&#8220;#eaf2f3&#8243; header_4_font_size=&#8220;17px&#8220; header_4_line_height=&#8220;2em&#8220; background_color=&#8220;#1b2139&#8243; custom_padding=&#8220;45px|30px|45px|30px|true|true&#8220; animation_style=&#8220;flip&#8220; animation_direction=&#8220;right&#8220; animation_delay=&#8220;1400ms&#8220; border_radii=&#8220;on|25px|25px|25px|25px&#8220; box_shadow_style=&#8220;preset1&#8243; box_shadow_color=&#8220;rgba(27,33,57,0.75)&#8220; global_colors_info=&#8220;{}&#8220; content__hover_enabled=&#8220;on|hover&#8220; content__hover=&#8220;<\/p>\n<h4 style=%22text-align: justify;%22>Effizient<\/h4>\n<p style=%22text-align: justify;%22>Es wird gesch\u00e4tzt, dass unser Roboter 21 % schneller reinigt als andere. So kann die PV-Anlage schnell weiterarbeiten.<\/p>\n<p>&#8220; custom_padding__hover_enabled=&#8220;on|hover&#8220; custom_padding__hover=&#8220;30px||30px||true|true&#8220;]<\/p>\n<p><img loading=\"lazy\" decoding=\"async\" src=\"https:\/\/pv-anlage-reinigen.eu\/wp-content\/uploads\/2024\/02\/Kalendar.png\" width=\"90\" height=\"90\" alt=\"\" class=\"wp-image-230 alignnone size-full\" style=\"display: block; margin-left: auto; margin-right: auto;\" \/><\/p>\n<p>[\/et_pb_text][\/et_pb_column][\/et_pb_row][\/et_pb_section][et_pb_section fb_built=&#8220;1&#8243; _builder_version=&#8220;4.24.0&#8243; _module_preset=&#8220;default&#8220; background_color=&#8220;#1b2139&#8243; custom_padding=&#8220;||53px|||&#8220; animation_style=&#8220;flip&#8220; global_colors_info=&#8220;{}&#8220;][et_pb_row column_structure=&#8220;2_3,1_3&#8243; _builder_version=&#8220;4.24.0&#8243; _module_preset=&#8220;default&#8220; global_colors_info=&#8220;{}&#8220;][et_pb_column type=&#8220;2_3&#8243; _builder_version=&#8220;4.24.0&#8243; _module_preset=&#8220;default&#8220; global_colors_info=&#8220;{}&#8220;][et_pb_text _builder_version=&#8220;4.24.0&#8243; _module_preset=&#8220;default&#8220; header_2_font=&#8220;|800|||||||&#8220; header_2_text_color=&#8220;#eaf2f3&#8243; header_2_font_size=&#8220;42px&#8220; header_2_line_height=&#8220;1.5em&#8220; header_2_text_shadow_style=&#8220;preset3&#8243; global_colors_info=&#8220;{}&#8220;]<\/p>\n<h2>Sie haben noch Fragen<br \/>oder wollen uns engagieren ?<\/h2>\n<p>[\/et_pb_text][\/et_pb_column][et_pb_column type=&#8220;1_3&#8243; _builder_version=&#8220;4.24.0&#8243; _module_preset=&#8220;default&#8220; global_colors_info=&#8220;{}&#8220;][et_pb_button button_url=&#8220;https:\/\/pv-anlage-reinigen.eu\/?page_id=72&#8243; button_text=&#8220;Fragen &#038; Antworten&#8220; button_alignment=&#8220;center&#8220; _builder_version=&#8220;4.24.0&#8243; _module_preset=&#8220;default&#8220; custom_button=&#8220;on&#8220; button_text_size=&#8220;20px&#8220; button_text_color=&#8220;#eaf2f3&#8243; button_border_width=&#8220;3px&#8220; button_border_radius=&#8220;25px&#8220; button_font=&#8220;|600||||on|||&#8220; hover_enabled=&#8220;0&#8243; box_shadow_style=&#8220;preset1&#8243; global_colors_info=&#8220;{}&#8220; sticky_enabled=&#8220;0&#8243;][\/et_pb_button][et_pb_button button_url=&#8220;https:\/\/pv-anlage-reinigen.eu\/?page_id=75&#8243; button_text=&#8220;Kontakt&#8220; button_alignment=&#8220;center&#8220; _builder_version=&#8220;4.24.0&#8243; _module_preset=&#8220;default&#8220; custom_button=&#8220;on&#8220; button_text_size=&#8220;20px&#8220; button_text_color=&#8220;#eaf2f3&#8243; button_border_width=&#8220;3px&#8220; button_border_radius=&#8220;25px&#8220; button_font=&#8220;|600||||on|||&#8220; hover_enabled=&#8220;0&#8243; box_shadow_style=&#8220;preset1&#8243; global_colors_info=&#8220;{}&#8220; sticky_enabled=&#8220;0&#8243;][\/et_pb_button][\/et_pb_column][\/et_pb_row][\/et_pb_section]<\/p>\n","protected":false},"excerpt":{"rendered":"<p>Sie haben noch Fragenoder wollen uns engagieren ?<\/p>\n","protected":false},"author":2,"featured_media":0,"parent":0,"menu_order":0,"comment_status":"closed","ping_status":"closed","template":"","meta":{"_et_pb_use_builder":"on","_et_pb_old_content":"","_et_gb_content_width":"","footnotes":""},"class_list":["post-46","page","type-page","status-publish","hentry"],"_links":{"self":[{"href":"https:\/\/pv-anlage-reinigen.eu\/index.php?rest_route=\/wp\/v2\/pages\/46","targetHints":{"allow":["GET"]}}],"collection":[{"href":"https:\/\/pv-anlage-reinigen.eu\/index.php?rest_route=\/wp\/v2\/pages"}],"about":[{"href":"https:\/\/pv-anlage-reinigen.eu\/index.php?rest_route=\/wp\/v2\/types\/page"}],"author":[{"embeddable":true,"href":"https:\/\/pv-anlage-reinigen.eu\/index.php?rest_route=\/wp\/v2\/users\/2"}],"replies":[{"embeddable":true,"href":"https:\/\/pv-anlage-reinigen.eu\/index.php?rest_route=%2Fwp%2Fv2%2Fcomments&post=46"}],"version-history":[{"count":3,"href":"https:\/\/pv-anlage-reinigen.eu\/index.php?rest_route=\/wp\/v2\/pages\/46\/revisions"}],"predecessor-version":[{"id":91,"href":"https:\/\/pv-anlage-reinigen.eu\/index.php?rest_route=\/wp\/v2\/pages\/46\/revisions\/91"}],"wp:attachment":[{"href":"https:\/\/pv-anlage-reinigen.eu\/index.php?rest_route=%2Fwp%2Fv2%2Fmedia&parent=46"}],"curies":[{"name":"wp","href":"https:\/\/api.w.org\/{rel}","templated":true}]}}