{"id":56,"date":"2024-02-06T19:52:59","date_gmt":"2024-02-06T19:52:59","guid":{"rendered":"https:\/\/pv-anlage-reinigen.eu\/?page_id=56"},"modified":"2024-02-06T20:27:21","modified_gmt":"2024-02-06T20:27:21","slug":"team-2","status":"publish","type":"page","link":"https:\/\/pv-anlage-reinigen.eu\/?page_id=56","title":{"rendered":"Team"},"content":{"rendered":"<p>[et_pb_section fb_built=&#8220;1&#8243; specialty=&#8220;on&#8220; _builder_version=&#8220;4.24.0&#8243; _module_preset=&#8220;default&#8220; background_color=&#8220;#1b2139&#8243; custom_padding=&#8220;125px||0px||false|false&#8220; global_colors_info=&#8220;{}&#8220;][et_pb_column type=&#8220;1_2&#8243; specialty_columns=&#8220;2&#8243; _builder_version=&#8220;4.16&#8243; custom_padding=&#8220;|||&#8220; global_colors_info=&#8220;{}&#8220; custom_padding__hover=&#8220;|||&#8220;][et_pb_row_inner _builder_version=&#8220;4.24.0&#8243; _module_preset=&#8220;default&#8220; global_colors_info=&#8220;{}&#8220;][et_pb_column_inner saved_specialty_column_type=&#8220;1_2&#8243; _builder_version=&#8220;4.24.0&#8243; _module_preset=&#8220;default&#8220; global_colors_info=&#8220;{}&#8220;][et_pb_heading title=&#8220;Das Team&#8220; _builder_version=&#8220;4.24.0&#8243; _module_preset=&#8220;default&#8220; title_font=&#8220;|800|||||||&#8220; title_text_color=&#8220;#eaf2f3&#8243; title_font_size=&#8220;48px&#8220; title_letter_spacing=&#8220;1px&#8220; custom_margin=&#8220;||50px|||&#8220; animation_style=&#8220;fade&#8220; title_text_shadow_style=&#8220;preset3&#8243; global_colors_info=&#8220;{}&#8220;][\/et_pb_heading][et_pb_text _builder_version=&#8220;4.24.0&#8243; _module_preset=&#8220;default&#8220; text_font=&#8220;||||||||&#8220; text_text_color=&#8220;#eaf2f3&#8243; text_font_size=&#8220;18px&#8220; text_line_height=&#8220;2em&#8220; custom_margin=&#8220;||50px|||&#8220; animation_style=&#8220;fade&#8220; animation_delay=&#8220;200ms&#8220; global_colors_info=&#8220;{}&#8220;]<\/p>\n<p style=\"text-align: justify;\">Unsere PV-Reinigung geh\u00f6rt zu den Leistungen des Elektriker-Teams von Blitzelektro. Wir montieren und verkaufen auch \u00fcber unseren Online-Shop Solarmodule und Zubeh\u00f6r. Nach wiederholenden Gespr\u00e4chen mit unseren Kunden haben wir festgestellt, dass es h\u00e4ufiger als gedacht zu Schmutz auf den Solarmodulen kommt. Also haben wir unsere Arbeitskraft genutzt, um dieses Problem f\u00fcr unsere Kunden zu beseitigen.<\/p>\n<p>[\/et_pb_text][et_pb_number_counter title=&#8220;Jahre Erfahrung&#8220; number=&#8220;14&#8243; percent_sign=&#8220;off&#8220; _builder_version=&#8220;4.24.0&#8243; _module_preset=&#8220;default&#8220; title_font=&#8220;||||||||&#8220; title_text_color=&#8220;#1b2139&#8243; number_font=&#8220;|800|||||||&#8220; number_text_color=&#8220;#1b2139&#8243; background_color=&#8220;rgba(234,242,243,0.5)&#8220; custom_padding=&#8220;30px||30px||true|false&#8220; animation_style=&#8220;zoom&#8220; animation_delay=&#8220;400ms&#8220; border_radii=&#8220;on|50px|50px|50px|50px&#8220; text_shadow_style=&#8220;preset3&#8243; text_shadow_color=&#8220;rgba(27,33,57,0.35)&#8220; global_colors_info=&#8220;{}&#8220; background__hover_enabled=&#8220;on|desktop&#8220; background_color__hover=&#8220;#eaf2f3&#8243; background_enable_color__hover=&#8220;on&#8220;][\/et_pb_number_counter][\/et_pb_column_inner][\/et_pb_row_inner][\/et_pb_column][et_pb_column type=&#8220;1_2&#8243; _builder_version=&#8220;4.16&#8243; custom_padding=&#8220;|||&#8220; global_colors_info=&#8220;{}&#8220; custom_padding__hover=&#8220;|||&#8220;][et_pb_image src=&#8220;https:\/\/pv-anlage-reinigen.eu\/wp-content\/uploads\/2024\/02\/DasTeam.png&#8220; title_text=&#8220;DasTeam&#8220; _builder_version=&#8220;4.24.0&#8243; _module_preset=&#8220;default&#8220; animation_style=&#8220;slide&#8220; animation_direction=&#8220;right&#8220; animation_delay=&#8220;600ms&#8220; global_colors_info=&#8220;{}&#8220;][\/et_pb_image][\/et_pb_column][\/et_pb_section][et_pb_section fb_built=&#8220;1&#8243; _builder_version=&#8220;4.24.0&#8243; _module_preset=&#8220;default&#8220; background_color=&#8220;#1b2139&#8243; custom_padding=&#8220;0px|||||&#8220; global_colors_info=&#8220;{}&#8220;][et_pb_row _builder_version=&#8220;4.24.0&#8243; _module_preset=&#8220;default&#8220; global_colors_info=&#8220;{}&#8220;][et_pb_column type=&#8220;4_4&#8243; _builder_version=&#8220;4.24.0&#8243; _module_preset=&#8220;default&#8220; global_colors_info=&#8220;{}&#8220;][et_pb_text _builder_version=&#8220;4.24.0&#8243; _module_preset=&#8220;default&#8220; text_font=&#8220;||||||||&#8220; text_text_color=&#8220;#eaf2f3&#8243; text_font_size=&#8220;18px&#8220; text_line_height=&#8220;2em&#8220; custom_margin=&#8220;||50px|||&#8220; animation_style=&#8220;fade&#8220; animation_delay=&#8220;200ms&#8220; global_colors_info=&#8220;{}&#8220;]<\/p>\n<p style=\"text-align: justify;\">Zu unserem Team geh\u00f6rt nat\u00fcrlich auch unser n\u00fctzlicher Sunbotics-Roboter. Dank ihm k\u00f6nnen wir effizienter arbeiten und dazu noch ganz viel Wasser und unn\u00f6tige Chemikalien sparen. Das Einsatzgebiet ist auch nicht beschr\u00e4nkt, da man ihn schnell umbauen kann, passend auf die Gr\u00f6\u00dfe der Solaranlage. Unser Roboter ist auch perfekt, um Ihnen kostbare Zeit zu sparen, da er bei optimalen Konditionen ungef\u00e4hr 20 Prozent schneller reinigt als herk\u00f6mmliche Maschinen. Die Sicherheit ist durch die T\u00dcV-Zertifizierung garantiert. Au\u00dferdem ist er mit speziellen Gummiprofilen ausgestattet, um die Oberfl\u00e4che der Module zu sch\u00fctzen. Also steht uns nichts im Wege, Ihnen eine makellose Reinigung zu gew\u00e4hrleisten.<\/p>\n<p>[\/et_pb_text][\/et_pb_column][\/et_pb_row][et_pb_row column_structure=&#8220;1_4,1_4,1_4,1_4&#8243; _builder_version=&#8220;4.24.0&#8243; _module_preset=&#8220;default&#8220; global_colors_info=&#8220;{}&#8220;][et_pb_column type=&#8220;1_4&#8243; _builder_version=&#8220;4.24.0&#8243; _module_preset=&#8220;default&#8220; global_colors_info=&#8220;{}&#8220;][et_pb_image src=&#8220;https:\/\/pv-anlage-reinigen.eu\/wp-content\/uploads\/2024\/02\/R1.png&#8220; title_text=&#8220;R1&#8243; _builder_version=&#8220;4.24.0&#8243; _module_preset=&#8220;default&#8220; animation_style=&#8220;zoom&#8220; animation_delay=&#8220;400ms&#8220; global_colors_info=&#8220;{}&#8220;][\/et_pb_image][\/et_pb_column][et_pb_column type=&#8220;1_4&#8243; _builder_version=&#8220;4.24.0&#8243; _module_preset=&#8220;default&#8220; global_colors_info=&#8220;{}&#8220;][et_pb_image src=&#8220;https:\/\/pv-anlage-reinigen.eu\/wp-content\/uploads\/2024\/02\/R2.png&#8220; title_text=&#8220;R2&#8243; _builder_version=&#8220;4.24.0&#8243; _module_preset=&#8220;default&#8220; animation_style=&#8220;zoom&#8220; animation_delay=&#8220;500ms&#8220; global_colors_info=&#8220;{}&#8220;][\/et_pb_image][\/et_pb_column][et_pb_column type=&#8220;1_4&#8243; _builder_version=&#8220;4.24.0&#8243; _module_preset=&#8220;default&#8220; global_colors_info=&#8220;{}&#8220;][et_pb_image src=&#8220;https:\/\/pv-anlage-reinigen.eu\/wp-content\/uploads\/2024\/02\/R3.png&#8220; title_text=&#8220;R3&#8243; _builder_version=&#8220;4.24.0&#8243; _module_preset=&#8220;default&#8220; animation_style=&#8220;zoom&#8220; animation_delay=&#8220;600ms&#8220; global_colors_info=&#8220;{}&#8220;][\/et_pb_image][\/et_pb_column][et_pb_column type=&#8220;1_4&#8243; _builder_version=&#8220;4.24.0&#8243; _module_preset=&#8220;default&#8220; global_colors_info=&#8220;{}&#8220;][et_pb_image src=&#8220;https:\/\/pv-anlage-reinigen.eu\/wp-content\/uploads\/2024\/02\/R4.png&#8220; title_text=&#8220;R4&#8243; _builder_version=&#8220;4.24.0&#8243; _module_preset=&#8220;default&#8220; animation_style=&#8220;zoom&#8220; animation_delay=&#8220;700ms&#8220; global_colors_info=&#8220;{}&#8220;][\/et_pb_image][\/et_pb_column][\/et_pb_row][\/et_pb_section][et_pb_section fb_built=&#8220;1&#8243; _builder_version=&#8220;4.24.0&#8243; _module_preset=&#8220;default&#8220; background_color=&#8220;#eaf2f3&#8243; custom_padding=&#8220;||53px|||&#8220; animation_style=&#8220;flip&#8220; global_colors_info=&#8220;{}&#8220;][et_pb_row column_structure=&#8220;2_3,1_3&#8243; _builder_version=&#8220;4.24.0&#8243; _module_preset=&#8220;default&#8220; global_colors_info=&#8220;{}&#8220;][et_pb_column type=&#8220;2_3&#8243; _builder_version=&#8220;4.24.0&#8243; _module_preset=&#8220;default&#8220; global_colors_info=&#8220;{}&#8220;][et_pb_text _builder_version=&#8220;4.24.0&#8243; _module_preset=&#8220;default&#8220; header_2_font=&#8220;|800|||||||&#8220; header_2_text_color=&#8220;#1b2139&#8243; header_2_font_size=&#8220;42px&#8220; header_2_line_height=&#8220;1.5em&#8220; header_2_text_shadow_style=&#8220;preset3&#8243; header_2_text_shadow_color=&#8220;rgba(27,33,57,0.35)&#8220; global_colors_info=&#8220;{}&#8220;]<\/p>\n<h2>Sie wollen uns engagieren?<br \/>\nKontaktieren Sie uns gerne!<\/h2>\n<p>[\/et_pb_text][\/et_pb_column][et_pb_column type=&#8220;1_3&#8243; _builder_version=&#8220;4.24.0&#8243; _module_preset=&#8220;default&#8220; global_colors_info=&#8220;{}&#8220;][et_pb_text _builder_version=&#8220;4.24.0&#8243; _module_preset=&#8220;default&#8220; header_3_font=&#8220;|600|on||||||&#8220; header_3_font_size=&#8220;24px&#8220; custom_margin=&#8220;14px||17px|||&#8220; global_colors_info=&#8220;{}&#8220;]<\/p>\n<h3 style=\"text-align: center;\">+49 1590 4816522<\/h3>\n<p>[\/et_pb_text][et_pb_button button_url=&#8220;https:\/\/pv-anlage-reinigen.eu\/?page_id=75&#8243; button_text=&#8220;Kontaktformular&#8220; button_alignment=&#8220;center&#8220; _builder_version=&#8220;4.24.0&#8243; _module_preset=&#8220;default&#8220; custom_button=&#8220;on&#8220; button_text_size=&#8220;22px&#8220; button_text_color=&#8220;#1b2139&#8243; button_border_width=&#8220;3px&#8220; button_border_radius=&#8220;25px&#8220; button_font=&#8220;|700||||on|||&#8220; hover_enabled=&#8220;0&#8243; box_shadow_style=&#8220;preset1&#8243; box_shadow_color=&#8220;rgba(27,33,57,0.35)&#8220; global_colors_info=&#8220;{}&#8220; sticky_enabled=&#8220;0&#8243;][\/et_pb_button][\/et_pb_column][\/et_pb_row][\/et_pb_section]<\/p>\n","protected":false},"excerpt":{"rendered":"<p>Unsere PV-Reinigung geh\u00f6rt zu den Leistungen des Elektriker-Teams von Blitzelektro. Wir montieren und verkaufen auch \u00fcber unseren Online-Shop Solarmodule und Zubeh\u00f6r. Nach wiederholenden Gespr\u00e4chen mit unseren Kunden haben wir festgestellt, dass es h\u00e4ufiger als gedacht zu Schmutz auf den Solarmodulen kommt. Also haben wir unsere Arbeitskraft genutzt, um dieses Problem f\u00fcr unsere Kunden zu beseitigen.Zu [&hellip;]<\/p>\n","protected":false},"author":2,"featured_media":0,"parent":0,"menu_order":0,"comment_status":"closed","ping_status":"closed","template":"","meta":{"_et_pb_use_builder":"on","_et_pb_old_content":"","_et_gb_content_width":"","footnotes":""},"class_list":["post-56","page","type-page","status-publish","hentry"],"_links":{"self":[{"href":"https:\/\/pv-anlage-reinigen.eu\/index.php?rest_route=\/wp\/v2\/pages\/56","targetHints":{"allow":["GET"]}}],"collection":[{"href":"https:\/\/pv-anlage-reinigen.eu\/index.php?rest_route=\/wp\/v2\/pages"}],"about":[{"href":"https:\/\/pv-anlage-reinigen.eu\/index.php?rest_route=\/wp\/v2\/types\/page"}],"author":[{"embeddable":true,"href":"https:\/\/pv-anlage-reinigen.eu\/index.php?rest_route=\/wp\/v2\/users\/2"}],"replies":[{"embeddable":true,"href":"https:\/\/pv-anlage-reinigen.eu\/index.php?rest_route=%2Fwp%2Fv2%2Fcomments&post=56"}],"version-history":[{"count":9,"href":"https:\/\/pv-anlage-reinigen.eu\/index.php?rest_route=\/wp\/v2\/pages\/56\/revisions"}],"predecessor-version":[{"id":92,"href":"https:\/\/pv-anlage-reinigen.eu\/index.php?rest_route=\/wp\/v2\/pages\/56\/revisions\/92"}],"wp:attachment":[{"href":"https:\/\/pv-anlage-reinigen.eu\/index.php?rest_route=%2Fwp%2Fv2%2Fmedia&parent=56"}],"curies":[{"name":"wp","href":"https:\/\/api.w.org\/{rel}","templated":true}]}}