{"id":72,"date":"2024-02-06T20:08:14","date_gmt":"2024-02-06T20:08:14","guid":{"rendered":"https:\/\/pv-anlage-reinigen.eu\/?page_id=72"},"modified":"2024-04-08T17:43:46","modified_gmt":"2024-04-08T17:43:46","slug":"faq","status":"publish","type":"page","link":"https:\/\/pv-anlage-reinigen.eu\/?page_id=72","title":{"rendered":"FAQ"},"content":{"rendered":"<p>[et_pb_section fb_built=&#8220;1&#8243; admin_label=&#8220;section&#8220; _builder_version=&#8220;4.24.0&#8243; background_color=&#8220;#1b2139&#8243; custom_padding=&#8220;100px||||false|false&#8220; custom_padding_tablet=&#8220;0px||0px|&#8220; transparent_background=&#8220;off&#8220; make_fullwidth=&#8220;off&#8220; use_custom_width=&#8220;off&#8220; width_unit=&#8220;on&#8220; global_colors_info=&#8220;{}&#8220;][et_pb_row padding_mobile=&#8220;on&#8220; column_padding_mobile=&#8220;on&#8220; custom_padding_last_edited=&#8220;on|desktop&#8220; admin_label=&#8220;Row&#8220; _builder_version=&#8220;4.16&#8243; background_size=&#8220;initial&#8220; background_position=&#8220;top_left&#8220; background_repeat=&#8220;repeat&#8220; custom_padding=&#8220;129px||0px|&#8220; custom_padding_tablet=&#8220;64px||0px|&#8220; custom_padding_phone=&#8220;&#8220; make_fullwidth=&#8220;off&#8220; use_custom_width=&#8220;off&#8220; width_unit=&#8220;on&#8220; global_colors_info=&#8220;{}&#8220;][et_pb_column type=&#8220;4_4&#8243; _builder_version=&#8220;4.16&#8243; custom_padding=&#8220;|||&#8220; global_colors_info=&#8220;{}&#8220; custom_padding__hover=&#8220;|||&#8220;][et_pb_text admin_label=&#8220;Text&#8220; _builder_version=&#8220;4.24.0&#8243; text_font=&#8220;|800|||||||&#8220; text_text_color=&#8220;#eaf2f3&#8243; text_font_size=&#8220;6em&#8220; text_line_height=&#8220;1em&#8220; background_size=&#8220;initial&#8220; background_position=&#8220;top_left&#8220; background_repeat=&#8220;repeat&#8220; text_font_size_tablet=&#8220;4em&#8220; text_font_size_phone=&#8220;&#8220; text_font_size_last_edited=&#8220;on|desktop&#8220; use_border_color=&#8220;off&#8220; border_color=&#8220;#ffffff&#8220; border_style=&#8220;solid&#8220; global_colors_info=&#8220;{}&#8220;]<\/p>\n<p>Fragen<br \/>\n&#038; Antworten<\/p>\n<p>[\/et_pb_text][\/et_pb_column][\/et_pb_row][\/et_pb_section][et_pb_section fb_built=&#8220;1&#8243; admin_label=&#8220;Section&#8220; _builder_version=&#8220;4.24.0&#8243; background_color=&#8220;#1b2139&#8243; custom_padding=&#8220;0px||0px|&#8220; custom_padding_tablet=&#8220;0px||0px|&#8220; transparent_background=&#8220;off&#8220; padding_mobile=&#8220;on&#8220; make_fullwidth=&#8220;off&#8220; use_custom_width=&#8220;off&#8220; width_unit=&#8220;on&#8220; global_colors_info=&#8220;{}&#8220;][et_pb_row padding_mobile=&#8220;on&#8220; column_padding_mobile=&#8220;on&#8220; custom_padding_last_edited=&#8220;on|desktop&#8220; admin_label=&#8220;Row&#8220; _builder_version=&#8220;4.16&#8243; background_size=&#8220;initial&#8220; background_position=&#8220;top_left&#8220; background_repeat=&#8220;repeat&#8220; custom_padding=&#8220;75px||0px|||&#8220; custom_padding_tablet=&#8220;90px||0px|&#8220; custom_padding_phone=&#8220;&#8220; make_fullwidth=&#8220;off&#8220; use_custom_width=&#8220;off&#8220; width_unit=&#8220;on&#8220; global_colors_info=&#8220;{}&#8220;][et_pb_column type=&#8220;4_4&#8243; _builder_version=&#8220;4.16&#8243; custom_padding=&#8220;|||&#8220; global_colors_info=&#8220;{}&#8220; custom_padding__hover=&#8220;|||&#8220;][et_pb_divider color=&#8220;#eaf2f3&#8243; divider_weight=&#8220;4&#8243; admin_label=&#8220;Divider&#8220; _builder_version=&#8220;4.24.0&#8243; height=&#8220;0px&#8220; hide_on_mobile=&#8220;off&#8220; global_colors_info=&#8220;{}&#8220;][\/et_pb_divider][et_pb_toggle title=&#8220;Wie reinigt man Solarmodule ?&#8220; open_toggle_text_color=&#8220;#eaf2f3&#8243; open_toggle_background_color=&#8220;#1b2139&#8243; closed_toggle_text_color=&#8220;#eaf2f3&#8243; closed_toggle_background_color=&#8220;#1b2139&#8243; icon_color=&#8220;#eaf2f3&#8243; open_icon_color=&#8220;#eaf2f3&#8243; admin_label=&#8220;Toggle&#8220; _builder_version=&#8220;4.24.0&#8243; title_text_color=&#8220;#eaf2f3&#8243; title_font=&#8220;Open Sans|on|||&#8220; title_font_size=&#8220;24&#8243; body_font=&#8220;Open Sans||||&#8220; body_text_color=&#8220;#eaf2f3&#8243; body_font_size=&#8220;18&#8243; body_line_height=&#8220;1.6em&#8220; background_size=&#8220;initial&#8220; background_position=&#8220;top_left&#8220; background_repeat=&#8220;repeat&#8220; custom_padding=&#8220;2px|0px|2px|0px&#8220; title_font_size_tablet=&#8220;18&#8243; title_font_size_phone=&#8220;&#8220; title_font_size_last_edited=&#8220;on|tablet&#8220; custom_css_toggle_icon=&#8220;font-size:20px;||&#8220; border_width_all=&#8220;1px&#8220; border_color_all=&#8220;#1b2139&#8243; border_style_all=&#8220;solid&#8220; use_border_color=&#8220;on&#8220; border_color=&#8220;#f7f7f7&#8243; border_style=&#8220;solid&#8220; global_colors_info=&#8220;{}&#8220;]<\/p>\n<p style=\"text-align: justify;\">Wir reinigen Solarmodule mit unserem Sunbotics-Roboter und Wasser. So vermeiden wir den Einsatz von Chemikalien, die Solarmodule und der Natur sch\u00e4digen k\u00f6nnten.<\/p>\n<p>[\/et_pb_toggle][et_pb_divider color=&#8220;#eaf2f3&#8243; divider_weight=&#8220;4&#8243; admin_label=&#8220;Divider&#8220; _builder_version=&#8220;4.16&#8243; height=&#8220;0px&#8220; hide_on_mobile=&#8220;off&#8220; global_colors_info=&#8220;{}&#8220;][\/et_pb_divider][et_pb_toggle title=&#8220;Warum sollte man Solaranlagen reinigen ?&#8220; open_toggle_text_color=&#8220;#eaf2f3&#8243; open_toggle_background_color=&#8220;#1b2139&#8243; closed_toggle_text_color=&#8220;#eaf2f3&#8243; closed_toggle_background_color=&#8220;#1b2139&#8243; icon_color=&#8220;#eaf2f3&#8243; open_icon_color=&#8220;#eaf2f3&#8243; admin_label=&#8220;Toggle&#8220; _builder_version=&#8220;4.24.3&#8243; title_text_color=&#8220;#eaf2f3&#8243; title_font=&#8220;Open Sans|on|||&#8220; title_font_size=&#8220;24&#8243; body_font=&#8220;Open Sans||||&#8220; body_text_color=&#8220;#eaf2f3&#8243; body_font_size=&#8220;18&#8243; body_line_height=&#8220;1.6em&#8220; background_size=&#8220;initial&#8220; background_position=&#8220;top_left&#8220; background_repeat=&#8220;repeat&#8220; custom_padding=&#8220;2px|0px|2px|0px&#8220; hover_enabled=&#8220;0&#8243; title_font_size_tablet=&#8220;18&#8243; title_font_size_phone=&#8220;&#8220; title_font_size_last_edited=&#8220;on|tablet&#8220; custom_css_toggle_icon=&#8220;font-size:20px;||&#8220; border_width_all=&#8220;1px&#8220; border_color_all=&#8220;#1b2139&#8243; border_style_all=&#8220;solid&#8220; use_border_color=&#8220;on&#8220; border_color=&#8220;#f7f7f7&#8243; border_style=&#8220;solid&#8220; global_colors_info=&#8220;{}&#8220; sticky_enabled=&#8220;0&#8243;]<\/p>\n<p style=\"text-align: justify;\">Wenn die Optik Sie nicht st\u00f6rt, dann aber vielleicht die sinkende Stromerzeugung, denn sie kann bis zu 30 Prozent schw\u00e4cher werden als eine regelm\u00e4\u00dfig gereinigte Solaranlage. Dadurch wird auch die Lebensdauer der Module verl\u00e4ngert und die verbesserte W\u00e4rmeableitung reduziert das Risiko von Br\u00e4nden. Au\u00dferdem werden meist Herstellergarantien nur eingehalten, wenn eine regelm\u00e4\u00dfige Wartung gem\u00e4\u00df den Herstellerspezifikationen gew\u00e4hrleistet ist.<\/p>\n<p>[\/et_pb_toggle][et_pb_divider color=&#8220;#eaf2f3&#8243; divider_weight=&#8220;4&#8243; admin_label=&#8220;Divider&#8220; _builder_version=&#8220;4.16&#8243; height=&#8220;0px&#8220; hide_on_mobile=&#8220;off&#8220; global_colors_info=&#8220;{}&#8220;][\/et_pb_divider][et_pb_toggle title=&#8220;Kann ich selber meine Solaranlage reinigen ?&#8220; open_toggle_text_color=&#8220;#eaf2f3&#8243; open_toggle_background_color=&#8220;#1b2139&#8243; closed_toggle_text_color=&#8220;#eaf2f3&#8243; closed_toggle_background_color=&#8220;#1b2139&#8243; icon_color=&#8220;#eaf2f3&#8243; open_icon_color=&#8220;#eaf2f3&#8243; admin_label=&#8220;Toggle&#8220; _builder_version=&#8220;4.24.0&#8243; title_text_color=&#8220;#eaf2f3&#8243; title_font=&#8220;Open Sans|on|||&#8220; title_font_size=&#8220;24&#8243; body_font=&#8220;Open Sans||||&#8220; body_text_color=&#8220;#eaf2f3&#8243; body_font_size=&#8220;18&#8243; body_line_height=&#8220;1.6em&#8220; background_size=&#8220;initial&#8220; background_position=&#8220;top_left&#8220; background_repeat=&#8220;repeat&#8220; custom_padding=&#8220;2px|0px|2px|0px&#8220; title_font_size_tablet=&#8220;18&#8243; title_font_size_phone=&#8220;&#8220; title_font_size_last_edited=&#8220;on|tablet&#8220; custom_css_toggle_icon=&#8220;font-size:20px;||&#8220; border_width_all=&#8220;1px&#8220; border_color_all=&#8220;#1b2139&#8243; border_style_all=&#8220;solid&#8220; use_border_color=&#8220;on&#8220; border_color=&#8220;#f7f7f7&#8243; border_style=&#8220;solid&#8220; global_colors_info=&#8220;{}&#8220;]<\/p>\n<p style=\"text-align: justify;\">Nat\u00fcrlich kann man seine Solaranlage selber reinigen, jedoch kann es schon gef\u00e4hrlich sein, die Arbeit in die eigene Hand zu nehmen. Ungesicherte H\u00f6he und der falsche Einsatz von Reinigungsmitteln k\u00f6nnen schnell zum Fall und zu Kratzern auf den Solarmodulen f\u00fchren.<\/p>\n<p>[\/et_pb_toggle][et_pb_divider color=&#8220;#eaf2f3&#8243; divider_weight=&#8220;4&#8243; admin_label=&#8220;Divider&#8220; _builder_version=&#8220;4.16&#8243; height=&#8220;0px&#8220; hide_on_mobile=&#8220;off&#8220; global_colors_info=&#8220;{}&#8220;][\/et_pb_divider][et_pb_toggle title=&#8220;Wie schlimm ist Schmutz auf Solarmodulen ?&#8220; open_toggle_text_color=&#8220;#eaf2f3&#8243; open_toggle_background_color=&#8220;#1b2139&#8243; closed_toggle_text_color=&#8220;#eaf2f3&#8243; closed_toggle_background_color=&#8220;#1b2139&#8243; icon_color=&#8220;#eaf2f3&#8243; open_icon_color=&#8220;#eaf2f3&#8243; admin_label=&#8220;Toggle&#8220; _builder_version=&#8220;4.24.0&#8243; title_text_color=&#8220;#eaf2f3&#8243; title_font=&#8220;Open Sans|on|||&#8220; title_font_size=&#8220;24&#8243; body_font=&#8220;Open Sans||||&#8220; body_text_color=&#8220;#eaf2f3&#8243; body_font_size=&#8220;18&#8243; body_line_height=&#8220;1.6em&#8220; background_size=&#8220;initial&#8220; background_position=&#8220;top_left&#8220; background_repeat=&#8220;repeat&#8220; custom_padding=&#8220;2px|0px|2px|0px&#8220; title_font_size_tablet=&#8220;18&#8243; title_font_size_phone=&#8220;&#8220; title_font_size_last_edited=&#8220;on|tablet&#8220; custom_css_toggle_icon=&#8220;font-size:20px;||&#8220; border_width_all=&#8220;1px&#8220; border_color_all=&#8220;#1b2139&#8243; border_style_all=&#8220;solid&#8220; use_border_color=&#8220;on&#8220; border_color=&#8220;#f7f7f7&#8243; border_style=&#8220;solid&#8220; global_colors_info=&#8220;{}&#8220;]<\/p>\n<p style=\"text-align: justify;\">Es wird gesch\u00e4tzt, dass nach einer dreimonatigen Ansammlung von Staub ungef\u00e4hr 13 Prozent der Ausgangsleistung zur\u00fcckgehen. Sogar Vogelkot kann dazu beitragen. Aus diesem Grund k\u00f6nnen auch richtig gewartete Solarmodule bis zu 3,5 Prozent mehr Energie erzeugen als ungepflegte.<\/p>\n<p>[\/et_pb_toggle][et_pb_divider color=&#8220;#eaf2f3&#8243; divider_weight=&#8220;4&#8243; admin_label=&#8220;Divider&#8220; _builder_version=&#8220;4.16&#8243; height=&#8220;0px&#8220; hide_on_mobile=&#8220;off&#8220; global_colors_info=&#8220;{}&#8220;][\/et_pb_divider][et_pb_toggle title=&#8220;Wie oft muss man eine Solaranlage reinigen ?&#8220; open_toggle_text_color=&#8220;#eaf2f3&#8243; open_toggle_background_color=&#8220;#1b2139&#8243; closed_toggle_text_color=&#8220;#eaf2f3&#8243; closed_toggle_background_color=&#8220;#1b2139&#8243; icon_color=&#8220;#eaf2f3&#8243; open_icon_color=&#8220;#eaf2f3&#8243; admin_label=&#8220;Toggle&#8220; _builder_version=&#8220;4.24.0&#8243; title_text_color=&#8220;#eaf2f3&#8243; title_font=&#8220;Open Sans|on|||&#8220; title_font_size=&#8220;24&#8243; body_font=&#8220;Open Sans||||&#8220; body_text_color=&#8220;#eaf2f3&#8243; body_font_size=&#8220;18&#8243; body_line_height=&#8220;1.6em&#8220; background_size=&#8220;initial&#8220; background_position=&#8220;top_left&#8220; background_repeat=&#8220;repeat&#8220; custom_padding=&#8220;2px|0px|2px|0px&#8220; title_font_size_tablet=&#8220;18&#8243; title_font_size_phone=&#8220;&#8220; title_font_size_last_edited=&#8220;on|tablet&#8220; custom_css_toggle_icon=&#8220;font-size:20px;||&#8220; border_width_all=&#8220;1px&#8220; border_color_all=&#8220;#1b2139&#8243; border_style_all=&#8220;solid&#8220; use_border_color=&#8220;on&#8220; border_color=&#8220;#f7f7f7&#8243; border_style=&#8220;solid&#8220; global_colors_info=&#8220;{}&#8220;]<\/p>\n<p style=\"text-align: justify;\">Um diese Frage zu beantworten, muss man wissen, wo die Solaranlage steht. Es kann n\u00e4mlich variieren zwischen allen 6 Monaten und allen 2 Jahren. Also sollte man \u00f6fter auf dem Land reinigen als an einem klassischen Haus. Wetterkonditionen k\u00f6nnen nat\u00fcrlich auch der Grund sein, warum man dann doch schlie\u00dflich \u00f6fter reinigen muss.<\/p>\n<p>[\/et_pb_toggle][et_pb_divider color=&#8220;#eaf2f3&#8243; divider_weight=&#8220;4&#8243; admin_label=&#8220;Divider&#8220; _builder_version=&#8220;4.16&#8243; height=&#8220;0px&#8220; hide_on_mobile=&#8220;off&#8220; global_colors_info=&#8220;{}&#8220;][\/et_pb_divider][et_pb_toggle title=&#8220;Wie lange dauert die Reinigung von Solarmodulen ?&#8220; open_toggle_text_color=&#8220;#eaf2f3&#8243; open_toggle_background_color=&#8220;#1b2139&#8243; closed_toggle_text_color=&#8220;#eaf2f3&#8243; closed_toggle_background_color=&#8220;#1b2139&#8243; icon_color=&#8220;#eaf2f3&#8243; open_icon_color=&#8220;#eaf2f3&#8243; admin_label=&#8220;Toggle&#8220; _builder_version=&#8220;4.24.0&#8243; title_text_color=&#8220;#eaf2f3&#8243; title_font=&#8220;Open Sans|on|||&#8220; title_font_size=&#8220;24&#8243; body_font=&#8220;Open Sans||||&#8220; body_text_color=&#8220;#eaf2f3&#8243; body_font_size=&#8220;18&#8243; body_line_height=&#8220;1.6em&#8220; background_size=&#8220;initial&#8220; background_position=&#8220;top_left&#8220; background_repeat=&#8220;repeat&#8220; custom_padding=&#8220;2px|0px|2px|0px&#8220; title_font_size_tablet=&#8220;18&#8243; title_font_size_phone=&#8220;&#8220; title_font_size_last_edited=&#8220;on|tablet&#8220; custom_css_toggle_icon=&#8220;font-size:20px;||&#8220; border_width_all=&#8220;1px&#8220; border_color_all=&#8220;#1b2139&#8243; border_style_all=&#8220;solid&#8220; use_border_color=&#8220;on&#8220; border_color=&#8220;#f7f7f7&#8243; border_style=&#8220;solid&#8220; global_colors_info=&#8220;{}&#8220;]<\/p>\n<p style=\"text-align: justify;\">Das h\u00e4ngt von der Gr\u00f6\u00dfe der Module ab und vom Aufbau der Solaranlage. So im Schnitt kann man aber 3 Minuten pro Solarmodul rechnen.<\/p>\n<p>[\/et_pb_toggle][et_pb_divider color=&#8220;#eaf2f3&#8243; divider_weight=&#8220;4&#8243; admin_label=&#8220;Divider&#8220; _builder_version=&#8220;4.16&#8243; height=&#8220;0px&#8220; hide_on_mobile=&#8220;off&#8220; global_colors_info=&#8220;{}&#8220;][\/et_pb_divider][et_pb_toggle title=&#8220;Muss man Solarmodule vor der Reinigung ausschalten ?&#8220; open_toggle_text_color=&#8220;#eaf2f3&#8243; open_toggle_background_color=&#8220;#1b2139&#8243; closed_toggle_text_color=&#8220;#eaf2f3&#8243; closed_toggle_background_color=&#8220;#1b2139&#8243; icon_color=&#8220;#eaf2f3&#8243; open_icon_color=&#8220;#eaf2f3&#8243; admin_label=&#8220;Toggle&#8220; _builder_version=&#8220;4.24.0&#8243; title_text_color=&#8220;#eaf2f3&#8243; title_font=&#8220;Open Sans|on|||&#8220; title_font_size=&#8220;24&#8243; body_font=&#8220;Open Sans||||&#8220; body_text_color=&#8220;#eaf2f3&#8243; body_font_size=&#8220;18&#8243; body_line_height=&#8220;1.6em&#8220; background_size=&#8220;initial&#8220; background_position=&#8220;top_left&#8220; background_repeat=&#8220;repeat&#8220; custom_padding=&#8220;2px|0px|2px|0px&#8220; title_font_size_tablet=&#8220;18&#8243; title_font_size_phone=&#8220;&#8220; title_font_size_last_edited=&#8220;on|tablet&#8220; custom_css_toggle_icon=&#8220;font-size:20px;||&#8220; border_width_all=&#8220;1px&#8220; border_color_all=&#8220;#1b2139&#8243; border_style_all=&#8220;solid&#8220; use_border_color=&#8220;on&#8220; border_color=&#8220;#f7f7f7&#8243; border_style=&#8220;solid&#8220; global_colors_info=&#8220;{}&#8220;]<\/p>\n<p>Um die Solarmodule nicht zu sch\u00e4digen und die Sicherheit des Reinigers zu gew\u00e4hrleisten, sollten alle Solarmodule ausgeschaltet werden. Es gibt n\u00e4mlich auch hier ein Stromschlagrisiko.<\/p>\n<p>[\/et_pb_toggle][et_pb_divider color=&#8220;#eaf2f3&#8243; divider_weight=&#8220;4&#8243; admin_label=&#8220;Divider&#8220; _builder_version=&#8220;4.16&#8243; height=&#8220;0px&#8220; hide_on_mobile=&#8220;off&#8220; global_colors_info=&#8220;{}&#8220;][\/et_pb_divider][et_pb_toggle title=&#8220;Wann ist der beste Zeitpunkt zum Reinigen von Solarmodulen ?&#8220; open_toggle_text_color=&#8220;#eaf2f3&#8243; open_toggle_background_color=&#8220;#1b2139&#8243; closed_toggle_text_color=&#8220;#eaf2f3&#8243; closed_toggle_background_color=&#8220;#1b2139&#8243; icon_color=&#8220;#eaf2f3&#8243; open_icon_color=&#8220;#eaf2f3&#8243; admin_label=&#8220;Toggle&#8220; _builder_version=&#8220;4.24.0&#8243; title_text_color=&#8220;#eaf2f3&#8243; title_font=&#8220;Open Sans|on|||&#8220; title_font_size=&#8220;24&#8243; body_font=&#8220;Open Sans||||&#8220; body_text_color=&#8220;#eaf2f3&#8243; body_font_size=&#8220;18&#8243; body_line_height=&#8220;1.6em&#8220; background_size=&#8220;initial&#8220; background_position=&#8220;top_left&#8220; background_repeat=&#8220;repeat&#8220; custom_padding=&#8220;2px|0px|2px|0px&#8220; title_font_size_tablet=&#8220;18&#8243; title_font_size_phone=&#8220;&#8220; title_font_size_last_edited=&#8220;on|tablet&#8220; custom_css_toggle_icon=&#8220;font-size:20px;||&#8220; border_width_all=&#8220;1px&#8220; border_color_all=&#8220;#1b2139&#8243; border_style_all=&#8220;solid&#8220; use_border_color=&#8220;on&#8220; border_color=&#8220;#f7f7f7&#8243; border_style=&#8220;solid&#8220; global_colors_info=&#8220;{}&#8220;]<\/p>\n<p style=\"text-align: justify;\">Am besten reinigt man Solarmodule an einem k\u00fchlen Morgen. Durch den Tau, der bestimmt dann den Schmutz aufgeweicht, kann man Wasser sparen und schneller die Solarmodule reinigen.<\/p>\n<p>[\/et_pb_toggle][et_pb_divider color=&#8220;#eaf2f3&#8243; divider_weight=&#8220;4&#8243; admin_label=&#8220;Divider&#8220; _builder_version=&#8220;4.16&#8243; height=&#8220;0px&#8220; hide_on_mobile=&#8220;off&#8220; global_colors_info=&#8220;{}&#8220;][\/et_pb_divider][et_pb_divider show_divider=&#8220;off&#8220; admin_label=&#8220;Divider&#8220; _builder_version=&#8220;4.16&#8243; height=&#8220;133px&#8220; hide_on_mobile=&#8220;off&#8220; global_colors_info=&#8220;{}&#8220;][\/et_pb_divider][\/et_pb_column][\/et_pb_row][\/et_pb_section][et_pb_section fb_built=&#8220;1&#8243; _builder_version=&#8220;4.24.0&#8243; _module_preset=&#8220;default&#8220; background_color=&#8220;#eaf2f3&#8243; custom_padding=&#8220;||53px|||&#8220; global_colors_info=&#8220;{}&#8220;][et_pb_row column_structure=&#8220;2_3,1_3&#8243; _builder_version=&#8220;4.24.0&#8243; _module_preset=&#8220;default&#8220; global_colors_info=&#8220;{}&#8220;][et_pb_column type=&#8220;2_3&#8243; _builder_version=&#8220;4.24.0&#8243; _module_preset=&#8220;default&#8220; global_colors_info=&#8220;{}&#8220;][et_pb_text _builder_version=&#8220;4.24.0&#8243; _module_preset=&#8220;default&#8220; header_2_font=&#8220;|800|||||||&#8220; header_2_text_color=&#8220;#1b2139&#8243; header_2_font_size=&#8220;42px&#8220; header_2_line_height=&#8220;1.5em&#8220; header_2_text_shadow_style=&#8220;preset3&#8243; header_2_text_shadow_color=&#8220;rgba(27,33,57,0.35)&#8220; global_colors_info=&#8220;{}&#8220;]<\/p>\n<h2>Noch Fragen?<br \/>\nKontaktieren Sie uns gerne!<\/h2>\n<p>[\/et_pb_text][\/et_pb_column][et_pb_column type=&#8220;1_3&#8243; _builder_version=&#8220;4.24.0&#8243; _module_preset=&#8220;default&#8220; global_colors_info=&#8220;{}&#8220;][et_pb_text _builder_version=&#8220;4.24.0&#8243; _module_preset=&#8220;default&#8220; header_3_font=&#8220;|600|on||||||&#8220; header_3_font_size=&#8220;24px&#8220; custom_margin=&#8220;14px||17px|||&#8220; global_colors_info=&#8220;{}&#8220;]<\/p>\n<h3 style=\"text-align: center;\">+49 1590 4816522<\/h3>\n<p>[\/et_pb_text][et_pb_button button_url=&#8220;https:\/\/pv-anlage-reinigen.eu\/?page_id=75&#8243; button_text=&#8220;Kontaktformular&#8220; button_alignment=&#8220;center&#8220; _builder_version=&#8220;4.24.0&#8243; _module_preset=&#8220;default&#8220; custom_button=&#8220;on&#8220; button_text_size=&#8220;22px&#8220; button_text_color=&#8220;#1b2139&#8243; button_border_width=&#8220;3px&#8220; button_border_radius=&#8220;25px&#8220; button_font=&#8220;|700||||on|||&#8220; box_shadow_style=&#8220;preset1&#8243; box_shadow_color=&#8220;rgba(27,33,57,0.35)&#8220; global_colors_info=&#8220;{}&#8220;][\/et_pb_button][\/et_pb_column][\/et_pb_row][\/et_pb_section]<\/p>\n","protected":false},"excerpt":{"rendered":"<p>Fragen &#038; AntwortenWir reinigen Solarmodule mit unserem Sunbotics-Roboter und Wasser. So vermeiden wir den Einsatz von Chemikalien, die Solarmodule und der Natur sch\u00e4digen k\u00f6nnten.Wenn die Optik Sie nicht st\u00f6rt, dann aber vielleicht die sinkende Stromerzeugung, denn sie kann bis zu 30 Prozent schw\u00e4cher werden als eine regelm\u00e4\u00dfig gereinigte Solaranlage. Dadurch wird auch die Lebensdauer der [&hellip;]<\/p>\n","protected":false},"author":2,"featured_media":0,"parent":0,"menu_order":0,"comment_status":"closed","ping_status":"closed","template":"","meta":{"_et_pb_use_builder":"on","_et_pb_old_content":"","_et_gb_content_width":"","footnotes":""},"class_list":["post-72","page","type-page","status-publish","hentry"],"_links":{"self":[{"href":"https:\/\/pv-anlage-reinigen.eu\/index.php?rest_route=\/wp\/v2\/pages\/72","targetHints":{"allow":["GET"]}}],"collection":[{"href":"https:\/\/pv-anlage-reinigen.eu\/index.php?rest_route=\/wp\/v2\/pages"}],"about":[{"href":"https:\/\/pv-anlage-reinigen.eu\/index.php?rest_route=\/wp\/v2\/types\/page"}],"author":[{"embeddable":true,"href":"https:\/\/pv-anlage-reinigen.eu\/index.php?rest_route=\/wp\/v2\/users\/2"}],"replies":[{"embeddable":true,"href":"https:\/\/pv-anlage-reinigen.eu\/index.php?rest_route=%2Fwp%2Fv2%2Fcomments&post=72"}],"version-history":[{"count":4,"href":"https:\/\/pv-anlage-reinigen.eu\/index.php?rest_route=\/wp\/v2\/pages\/72\/revisions"}],"predecessor-version":[{"id":155,"href":"https:\/\/pv-anlage-reinigen.eu\/index.php?rest_route=\/wp\/v2\/pages\/72\/revisions\/155"}],"wp:attachment":[{"href":"https:\/\/pv-anlage-reinigen.eu\/index.php?rest_route=%2Fwp%2Fv2%2Fmedia&parent=72"}],"curies":[{"name":"wp","href":"https:\/\/api.w.org\/{rel}","templated":true}]}}